{"id":1321,"date":"2017-03-01T23:07:29","date_gmt":"2017-03-01T22:07:29","guid":{"rendered":"http:\/\/www.free2move.at\/?page_id=1321"},"modified":"2018-03-17T12:25:57","modified_gmt":"2018-03-17T11:25:57","slug":"warum","status":"publish","type":"page","link":"http:\/\/www.free2move.at\/?page_id=1321","title":{"rendered":"Warum"},"content":{"rendered":"<p><strong>Demenz<\/strong> ist ein Oberbegriff f\u00fcr verschiedene Erkrankungen mit \u00e4hnlichen Symptomen. Aus verschiedenen Gr\u00fcnden kommt es zu einem Abbau von Nervenverbindungen und dadurch zu einem Verlust der sogenannten kognitiven Leistungen wie Ged\u00e4chtnis, Orientierung, Sprache, Lernf\u00e4higkeit, Urteilsverm\u00f6gen, aber auch sozialen und emotionalen F\u00e4higkeiten.<br \/>\nVor allem das Kurzzeitged\u00e4chtnis, Denkverm\u00f6gen, die Sprache, die Motorik und auch die Pers\u00f6nlichkeitsstruktur sind betroffen.<br \/>\nDie Desorientierung erfolgt im Bezug auf r\u00e4umliche, zeitliche, situative Orientierung und zur eigenen Person.<\/p>\n<p>Die Validationsmethode ist eine Theorie und eine Methode, um mit sehr alten, desorientierten Menschen zu kommunizieren, bei denen h\u00e4ufig die Diagnose Alters-Alzheimer gestellt wurde. Sie wird bei desorientierten, sehr alten Menschen (\u00fcber 75 Jahre) angewendet, die sich laut Feil in folgenden Stadien befinden:<\/p>\n<ul>\n<li>Die mangelhafte Orientierung<\/li>\n<li>Die Zeitverwirrtheit<\/li>\n<li>Sich wiederholende Bewegungen<\/li>\n<li>Das Vegetieren<\/li>\n<\/ul>\n<p>Sehr alte Menschen, die unf\u00e4hig sind mit k\u00f6rperlichen, sozialen und psychischen Verlusten zumzugehen, kann eine Validation helfen. So kann Isolation, R\u00fcckzug und das Sich-Hineinversetzten in die Vergangenheit vermindert werden. Wenn die Vergangenheit wichtiger wird als die Gegenwart, kann es kommen, dass Erlebnisse der Vergangenheit zur Gegenwart werden.<br \/>\nDie Validation bietet M\u00f6glichkeiten in der verbalen und nonverbalen Kommunikation um dem entgegen zu steuern.<\/p>\n<p>&nbsp;<\/p>\n","protected":false},"excerpt":{"rendered":"<p>Demenz ist ein Oberbegriff f\u00fcr verschiedene Erkrankungen mit \u00e4hnlichen Symptomen. Aus verschiedenen Gr\u00fcnden kommt es zu einem Abbau von Nervenverbindungen und dadurch zu einem Verlust der sogenannten kognitiven Leistungen wie Ged\u00e4chtnis, Orientierung, Sprache, Lernf\u00e4higkeit, Urteilsverm\u00f6gen, aber auch sozialen und emotionalen F\u00e4higkeiten. Vor allem das Kurzzeitged\u00e4chtnis, Denkverm\u00f6gen, die Sprache, die Motorik und auch die Pers\u00f6nlichkeitsstruktur sind [&hellip;]<\/p>\n","protected":false},"author":1,"featured_media":0,"parent":1315,"menu_order":0,"comment_status":"closed","ping_status":"closed","template":"","meta":[],"_links":{"self":[{"href":"http:\/\/www.free2move.at\/index.php?rest_route=\/wp\/v2\/pages\/1321"}],"collection":[{"href":"http:\/\/www.free2move.at\/index.php?rest_route=\/wp\/v2\/pages"}],"about":[{"href":"http:\/\/www.free2move.at\/index.php?rest_route=\/wp\/v2\/types\/page"}],"author":[{"embeddable":true,"href":"http:\/\/www.free2move.at\/index.php?rest_route=\/wp\/v2\/users\/1"}],"replies":[{"embeddable":true,"href":"http:\/\/www.free2move.at\/index.php?rest_route=%2Fwp%2Fv2%2Fcomments&post=1321"}],"version-history":[{"count":5,"href":"http:\/\/www.free2move.at\/index.php?rest_route=\/wp\/v2\/pages\/1321\/revisions"}],"predecessor-version":[{"id":1427,"href":"http:\/\/www.free2move.at\/index.php?rest_route=\/wp\/v2\/pages\/1321\/revisions\/1427"}],"up":[{"embeddable":true,"href":"http:\/\/www.free2move.at\/index.php?rest_route=\/wp\/v2\/pages\/1315"}],"wp:attachment":[{"href":"http:\/\/www.free2move.at\/index.php?rest_route=%2Fwp%2Fv2%2Fmedia&parent=1321"}],"curies":[{"name":"wp","href":"https:\/\/api.w.org\/{rel}","templated":true}]}}