{"id":1328,"date":"2017-03-01T23:08:54","date_gmt":"2017-03-01T22:08:54","guid":{"rendered":"http:\/\/www.free2move.at\/?page_id=1328"},"modified":"2017-03-06T12:12:54","modified_gmt":"2017-03-06T11:12:54","slug":"mein-angebot","status":"publish","type":"page","link":"http:\/\/www.free2move.at\/?page_id=1328","title":{"rendered":"Mein Angebot"},"content":{"rendered":"<p>Ich leite eine Geronto-Psychiatrische Gruppe an der Psychiatrie und richte mein Angebot als Validationsanwenderin an Menschen, die an Demenz erkrankt sind und noch in der eigenen Wohnung leben k\u00f6nnen.<\/p>\n<p>Ich verstehe meine Arbeit als Hilfestellung und verbinde die Methodik der Valitation mit der Tanztherapie und der Psychosozialen Beratung.<br \/>\nIn Form von Hausbesuchen kann ich regelm\u00e4\u00dfig ihre Angeh\u00f6rigen besuchen, Sie dadurch entlasten und eine Verbesserung der psychischen Schwierigkeiten erreichen.<\/p>\n<p>Wenn Sie interesses haben, dann schreiben Sie mir bitte ein mail oder rufen mich an:<\/p>\n<p>Email\u00a0 <a href=\"mailto:welcome@free2move.at\">welcome@free2move.at<\/a> oder telephonisch unter:<strong> 0680 443 83 83<\/strong><\/p>\n<div><\/div>\n<p>&nbsp;<\/p>\n","protected":false},"excerpt":{"rendered":"<p>Ich leite eine Geronto-Psychiatrische Gruppe an der Psychiatrie und richte mein Angebot als Validationsanwenderin an Menschen, die an Demenz erkrankt sind und noch in der eigenen Wohnung leben k\u00f6nnen. Ich verstehe meine Arbeit als Hilfestellung und verbinde die Methodik der Valitation mit der Tanztherapie und der Psychosozialen Beratung. In Form von Hausbesuchen kann ich regelm\u00e4\u00dfig [&hellip;]<\/p>\n","protected":false},"author":1,"featured_media":0,"parent":1315,"menu_order":3,"comment_status":"closed","ping_status":"closed","template":"","meta":[],"_links":{"self":[{"href":"http:\/\/www.free2move.at\/index.php?rest_route=\/wp\/v2\/pages\/1328"}],"collection":[{"href":"http:\/\/www.free2move.at\/index.php?rest_route=\/wp\/v2\/pages"}],"about":[{"href":"http:\/\/www.free2move.at\/index.php?rest_route=\/wp\/v2\/types\/page"}],"author":[{"embeddable":true,"href":"http:\/\/www.free2move.at\/index.php?rest_route=\/wp\/v2\/users\/1"}],"replies":[{"embeddable":true,"href":"http:\/\/www.free2move.at\/index.php?rest_route=%2Fwp%2Fv2%2Fcomments&post=1328"}],"version-history":[{"count":5,"href":"http:\/\/www.free2move.at\/index.php?rest_route=\/wp\/v2\/pages\/1328\/revisions"}],"predecessor-version":[{"id":1350,"href":"http:\/\/www.free2move.at\/index.php?rest_route=\/wp\/v2\/pages\/1328\/revisions\/1350"}],"up":[{"embeddable":true,"href":"http:\/\/www.free2move.at\/index.php?rest_route=\/wp\/v2\/pages\/1315"}],"wp:attachment":[{"href":"http:\/\/www.free2move.at\/index.php?rest_route=%2Fwp%2Fv2%2Fmedia&parent=1328"}],"curies":[{"name":"wp","href":"https:\/\/api.w.org\/{rel}","templated":true}]}}