{"id":276,"date":"2013-04-11T11:51:33","date_gmt":"2013-04-11T09:51:33","guid":{"rendered":"http:\/\/www.free2move.at\/?page_id=276"},"modified":"2018-07-25T20:06:16","modified_gmt":"2018-07-25T18:06:16","slug":"impressum","status":"publish","type":"page","link":"http:\/\/www.free2move.at\/?page_id=276","title":{"rendered":"Impressum"},"content":{"rendered":"<table width=\"100%\" border=\"0\">\n<tbody>\n<tr>\n<td><strong>Doris Koller &#8211; Praxis <\/strong><strong style=\"line-height: 19px;\"><span style=\"color: #3366ff;\">Free<\/span><span style=\"color: #99cc00;\">2<\/span><span style=\"color: #3366ff;\">Move<\/span><\/strong><br \/>\n<span style=\"line-height: 19px;\">St. P\u00f6ltnerstra\u00dfe 109<\/span><br \/>\n3040 Neulengbach \u00d6sterreich<\/td>\n<td>\n<table border=\"0\" cellspacing=\"2\" cellpadding=\"0\">\n<tbody>\n<tr>\n<td align=\"left\">Telefon:<\/td>\n<td align=\"left\">0680\/ 443 83 83<\/td>\n<\/tr>\n<tr>\n<td align=\"left\">Website:<\/td>\n<td align=\"left\"><a href=\"http:\/\/www.free2move.at\">www.free2move.at<\/a><\/td>\n<\/tr>\n<tr>\n<td align=\"left\">Email:<\/td>\n<td align=\"left\"><a href=\"mailto:welcome@free2move.at\">welcome@free2move.at<\/a><\/td>\n<\/tr>\n<\/tbody>\n<\/table>\n<\/td>\n<\/tr>\n<tr>\n<td colspan=\"2\"><strong>Bildquellen und -rechte<\/strong><\/td>\n<\/tr>\n<tr>\n<td colspan=\"2\">Michael Kobler, <span style=\"font-family: 'Calibri','sans-serif';\"><a href=\"http:\/\/michaelkobler.com\/\">http:\/\/michaelkobler.com\/,<br \/>\n<\/a><\/span>Margot Pajank-Litzinger, Doris Koller<\/td>\n<\/tr>\n<tr>\n<td colspan=\"2\"><strong>Weitere Informationen<\/strong><\/td>\n<\/tr>\n<tr>\n<td colspan=\"2\">Alle Inhalte dieser Homepage wurden mit gr\u00f6\u00dfter Sorgfalt zusammengestellt, jedoch kann keinerlei Haftung f\u00fcr die Richtigkeit, Aktualit\u00e4t oder Vollst\u00e4ndigkeit der Informationen \u00fcbernommen werden. Insbesondere kann keinerlei Verantwortung f\u00fcr Links zu anderen Webseiten \u00fcbernommen werden.<br \/>\n<span class=\"Textk\u00f6rper-gro\u00df-C\"><strong>Copyright:<\/strong><br \/>\nAlle Inhalte, Texte, Fotos, Bilder und Grafiken auf meiner Hompage sind urheberrechtlich gesch\u00fctzt. Eine Verwendung ist daher nur nach Absprache mit der Herausgeberin m\u00f6glich.<br \/>\n<strong>Konzeption und Grafik:<\/strong> <\/span><span class=\"Textk\u00f6rper-gro\u00df-C\"><span class=\"Textk\u00f6rper-gro\u00df-C\"><span style=\"font-size: 9.0pt; font-family: 'Verdana','sans-serif'; mso-fareast-font-family: 'Times New Roman'; mso-bidi-font-family: 'Times New Roman'; mso-ansi-language: DE-AT; mso-fareast-language: DE-AT; mso-bidi-language: AR-SA;\">BENNER ideenwerkstatt, <a href=\"http:\/\/www.ideenwerkstatt.co.at\">www.ideenwerkstatt.co.at<\/a><\/span><br \/>\n<strong>WordPress Unterst\u00fctzung:<\/strong> Michael Probst<br \/>\n<\/span><\/span><\/p>\n<p align=\"left\"><strong>Datenschutzerkl\u00e4rung<\/strong><\/p>\n<p>Der Schutz Ihrer pers\u00f6nlichen Daten ist mir ein besonderes Anliegen. Ich verarbeite Ihre Daten daher ausschlie\u00dflich auf Grundlage der gesetzlichen Bestimmungen (DSGVO, TKG 2003). In diesen Datenschutzinformationen informiere ich Sie \u00fcber die wichtigsten Aspekte der Datenverarbeitung im Rahmen meiner Website.<\/p>\n<p>Eine Nutzung meiner Internetseiten ist grunds\u00e4tzlich ohne jede Angabe personenbezogener Daten m\u00f6glich.<\/p>\n<div>\n<p><strong>Kontakt mit mir<\/strong><\/p>\n<p>Wenn Sie per E-Mail Kontakt mit mir aufnehmen, werden Ihre angegebenen Daten zwecks Bearbeitung der Anfrage und f\u00fcr den Fall von Anschlussfragen sechs Monate bei mir gespeichert. Diese Daten gebe ich nicht ohne Ihre Einwilligung weiter.<\/p>\n<p align=\"left\">Die Verarbeitung personenbezogener Daten, beispielsweise des Namens, der Anschrift, E-Mail-Adresse oder Telefonnummer einer betroffenen Person, erfolgt stets im Einklang mit der Datenschutz-Grundverordnung und in \u00dcbereinstimmung mit den geltenden landesspezifischen Datenschutzbestimmungen.<\/p>\n<p>Internetbasierte Daten\u00fcbertragungen k\u00f6nnen grunds\u00e4tzlich Sicherheitsl\u00fccken aufweisen, sodass ein absoluter Schutz nicht gew\u00e4hrleistet werden kann. Aus diesem Grund steht es jeder betroffenen Person frei, personenbezogene Daten auch auf alternativen Wegen, beispielsweise telefonisch, an mich zu \u00fcbermitteln.<\/p>\n<p><strong>Cookies<\/strong><\/p>\n<p>Unsere Website verwendet keine Cookies.<\/p>\n<p><strong>Web-Analyse<\/strong><\/p>\n<p>Unsere Website verwendet keine Funktionen eines Webanalysedienstes<\/p>\n<p><strong>Eingebettete Inhalte von anderen Websites<\/strong>Beitr\u00e4ge auf dieser Website k\u00f6nnen eingebettete Inhalte beinhalten (z.\u00a0B. Videos, Bilder, Beitr\u00e4ge etc.). Eingebettete Inhalte von anderen Websites verhalten sich exakt so, als ob der Besucher die andere Website besucht h\u00e4tte.<\/p>\n<p>Diese Websites k\u00f6nnen Daten \u00fcber Sie sammeln, Cookies benutzen, zus\u00e4tzliche Tracking-Dienste von Dritten einbetten und Ihre Interaktion mit diesem eingebetteten Inhalt aufzeichnen, inklusive Ihrer Interaktion mit dem eingebetteten Inhalt, falls Sie ein Konto haben und auf dieser Website angemeldet sind.<\/p>\n<p><strong>Ihre Rechte<\/strong><\/p>\n<p lang=\"de-DE\" align=\"left\">Ihnen stehen grunds\u00e4tzlich die Rechte auf Auskunft, Berichtigung, L\u00f6schung, Einschr\u00e4nkung, Daten\u00fcbertragbarkeit, Widerruf und Widerspruch zu. Wenn Sie glauben, dass die Verarbeitung Ihrer Daten gegen das Datenschutzrecht verst\u00f6\u00dft oder Ihre datenschutzrechtlichen Anspr\u00fcche sonst in einer Weise verletzt worden sind, k\u00f6nnen Sie sich bei der Aufsichtsbeh\u00f6rde beschweren. In \u00d6sterreich ist dies die Datenschutzbeh\u00f6rde.<\/p>\n<p align=\"left\">Stand: Juli 2018<\/p>\n<\/div>\n<p>&nbsp;<\/td>\n<\/tr>\n<\/tbody>\n<\/table>\n","protected":false},"excerpt":{"rendered":"<p>Doris Koller &#8211; Praxis Free2Move St. P\u00f6ltnerstra\u00dfe 109 3040 Neulengbach \u00d6sterreich Telefon: 0680\/ 443 83 83 Website: www.free2move.at Email: welcome@free2move.at Bildquellen und -rechte Michael Kobler, http:\/\/michaelkobler.com\/, Margot Pajank-Litzinger, Doris Koller Weitere Informationen Alle Inhalte dieser Homepage wurden mit gr\u00f6\u00dfter Sorgfalt zusammengestellt, jedoch kann keinerlei Haftung f\u00fcr die Richtigkeit, Aktualit\u00e4t oder Vollst\u00e4ndigkeit der Informationen \u00fcbernommen werden. [&hellip;]<\/p>\n","protected":false},"author":1,"featured_media":0,"parent":56,"menu_order":4,"comment_status":"closed","ping_status":"closed","template":"","meta":[],"_links":{"self":[{"href":"http:\/\/www.free2move.at\/index.php?rest_route=\/wp\/v2\/pages\/276"}],"collection":[{"href":"http:\/\/www.free2move.at\/index.php?rest_route=\/wp\/v2\/pages"}],"about":[{"href":"http:\/\/www.free2move.at\/index.php?rest_route=\/wp\/v2\/types\/page"}],"author":[{"embeddable":true,"href":"http:\/\/www.free2move.at\/index.php?rest_route=\/wp\/v2\/users\/1"}],"replies":[{"embeddable":true,"href":"http:\/\/www.free2move.at\/index.php?rest_route=%2Fwp%2Fv2%2Fcomments&post=276"}],"version-history":[{"count":26,"href":"http:\/\/www.free2move.at\/index.php?rest_route=\/wp\/v2\/pages\/276\/revisions"}],"predecessor-version":[{"id":278,"href":"http:\/\/www.free2move.at\/index.php?rest_route=\/wp\/v2\/pages\/276\/revisions\/278"}],"up":[{"embeddable":true,"href":"http:\/\/www.free2move.at\/index.php?rest_route=\/wp\/v2\/pages\/56"}],"wp:attachment":[{"href":"http:\/\/www.free2move.at\/index.php?rest_route=%2Fwp%2Fv2%2Fmedia&parent=276"}],"curies":[{"name":"wp","href":"https:\/\/api.w.org\/{rel}","templated":true}]}}