{"id":28,"date":"2013-04-07T14:53:53","date_gmt":"2013-04-07T12:53:53","guid":{"rendered":"http:\/\/www.free2move.at\/?page_id=28"},"modified":"2013-05-08T17:52:22","modified_gmt":"2013-05-08T15:52:22","slug":"wirkungsweise","status":"publish","type":"page","link":"http:\/\/www.free2move.at\/?page_id=28","title":{"rendered":"Wirkungsweise"},"content":{"rendered":"<h1>Wirkungsweise<\/h1>\n<p>Meine Arbeit im Bereich der <strong>Stresspr\u00e4vention<\/strong> ist speziell auf den\u00a0<strong>Wirtschaftsbereich<\/strong> abgestimmt und\u00a0findet in meiner Praxis in Mitten der Natur statt, wo Sie Abstand vom Alltag gewinnen und eine kleine Auszeiten genie\u00dfen k\u00f6nnen. Ruhe und Natur sind Grundvoraussetzung, um wieder auf den eigenen K\u00f6rper h\u00f6ren zu lernen und achtsame Wege zu sich selbst zu finden.<\/p>\n<p>In verschiedensten K\u00f6rperwahrnehmungs\u00fcbungen lernen Sie wieder sensibler auf die <span style=\"color: #339966;\"><strong>Signale Ihres K\u00f6rpers<\/strong><\/span> zu h\u00f6ren. Defizite k\u00f6nnen k\u00f6rperlich sp\u00fcrbar gemacht werden und <strong><span style=\"color: #339966;\">korrigierend auf Ihr Work-Life-Balance<\/span><\/strong> Einflu\u00df nehmen.\u00a0Sowohl im Einzelsetting, als auch in meinen Seminaren lernen Sie vielf\u00e4ltige M\u00f6glichkeiten der Selbstf\u00fcrsorge, sowie verschiedene Entspannungstechniken.<br \/>\nIch zeige Ihnen alternative Handlungsmodelle, um neue Perspektiven finden zu k\u00f6nnen.<\/p>\n<p>In kreativen Prozessen lernen Sie:<br \/>\n&#8211;\u00a0 Ihre Grenzen zu akzeptieren,<br \/>\n&#8211;\u00a0 sich innere Freir\u00e4ume zu erschaffen und<br \/>\n&#8211;\u00a0 eigene Bed\u00fcrfnisse zu erkennen.<\/p>\n<p>Ihre\u00a0 <strong><span style=\"color: #339966;\">Selbstregulation<\/span> <\/strong>wird gef\u00f6rdert, indem Sie mehr <strong><span style=\"color: #339966;\">Leichtigkeit, Vitalit\u00e4t und innere Ruhe<\/span> <\/strong>finden, um Ihre beruflichen und privaten Herausforderungen besser ausgleichen zu k\u00f6nnen.<\/p>\n","protected":false},"excerpt":{"rendered":"<p>Wirkungsweise Meine Arbeit im Bereich der Stresspr\u00e4vention ist speziell auf den\u00a0Wirtschaftsbereich abgestimmt und\u00a0findet in meiner Praxis in Mitten der Natur statt, wo Sie Abstand vom Alltag gewinnen und eine kleine Auszeiten genie\u00dfen k\u00f6nnen. Ruhe und Natur sind Grundvoraussetzung, um wieder auf den eigenen K\u00f6rper h\u00f6ren zu lernen und achtsame Wege zu sich selbst zu finden. [&hellip;]<\/p>\n","protected":false},"author":1,"featured_media":0,"parent":22,"menu_order":2,"comment_status":"closed","ping_status":"closed","template":"","meta":[],"_links":{"self":[{"href":"http:\/\/www.free2move.at\/index.php?rest_route=\/wp\/v2\/pages\/28"}],"collection":[{"href":"http:\/\/www.free2move.at\/index.php?rest_route=\/wp\/v2\/pages"}],"about":[{"href":"http:\/\/www.free2move.at\/index.php?rest_route=\/wp\/v2\/types\/page"}],"author":[{"embeddable":true,"href":"http:\/\/www.free2move.at\/index.php?rest_route=\/wp\/v2\/users\/1"}],"replies":[{"embeddable":true,"href":"http:\/\/www.free2move.at\/index.php?rest_route=%2Fwp%2Fv2%2Fcomments&post=28"}],"version-history":[{"count":9,"href":"http:\/\/www.free2move.at\/index.php?rest_route=\/wp\/v2\/pages\/28\/revisions"}],"predecessor-version":[{"id":113,"href":"http:\/\/www.free2move.at\/index.php?rest_route=\/wp\/v2\/pages\/28\/revisions\/113"}],"up":[{"embeddable":true,"href":"http:\/\/www.free2move.at\/index.php?rest_route=\/wp\/v2\/pages\/22"}],"wp:attachment":[{"href":"http:\/\/www.free2move.at\/index.php?rest_route=%2Fwp%2Fv2%2Fmedia&parent=28"}],"curies":[{"name":"wp","href":"https:\/\/api.w.org\/{rel}","templated":true}]}}