{"id":37,"date":"2013-04-07T14:55:49","date_gmt":"2013-04-07T12:55:49","guid":{"rendered":"http:\/\/www.free2move.at\/?page_id=37"},"modified":"2013-05-08T15:14:57","modified_gmt":"2013-05-08T13:14:57","slug":"fur-wen","status":"publish","type":"page","link":"http:\/\/www.free2move.at\/?page_id=37","title":{"rendered":"F\u00fcr wen"},"content":{"rendered":"<h1>F\u00fcr wen?<\/h1>\n<p>Mein Angebot richtet sich an Jugendliche, sowie M\u00e4nner und Frauen jeden Alters.<\/p>\n<p>Wenn Sie:<\/p>\n<ul>\n<li>sich traurig, leer, mutlos, ersch\u00f6pft, depressiv, antrieblos, unsicher\u2026.f\u00fchlen<\/li>\n<li>unter Angst oder Panikattacken leiden<\/li>\n<li>Stimmungsschwankungen haben<\/li>\n<li>unter Stress oder Burnout leiden oder vorbeugen m\u00f6chten<\/li>\n<li>auf der Suche nach sich selbst sind (Selbsterfahrung, Selbstfindung)<\/li>\n<li>Ihren Selbstwert verbessern m\u00f6chten<\/li>\n<li>einen Konflikt haben, den Sie nicht l\u00f6sen k\u00f6nnen<\/li>\n<li>mit ihrem K\u00f6rper nicht zufrieden sind<\/li>\n<li>unter Essst\u00f6rungen leiden<\/li>\n<li>auf der Suche nach Orientierung\u00a0 sind (zB Jugendliche)<\/li>\n<li>ein Problem mit Alkohol oder unter einer anderen Suchterkrankung leiden<\/li>\n<li>mehr Zugang zu Ihren Gef\u00fchlen suchen<\/li>\n<li>Ihre Weiblichkeit erforschen wollen<\/li>\n<li>Kontakt- oder Beziehungsschwierigkeiten haben<\/li>\n<li>Ihre Kreativit\u00e4t aktivieren und leben m\u00f6chten<\/li>\n<li>eine altersbedingte Beeintr\u00e4chtigungen auf physischer, psychischer oder kognitiver Ebene\u00a0habe<\/li>\n<li>sich nicht entscheiden k\u00f6nnen<\/li>\n<\/ul>\n<p>&nbsp;<\/p>\n","protected":false},"excerpt":{"rendered":"<p>F\u00fcr wen? Mein Angebot richtet sich an Jugendliche, sowie M\u00e4nner und Frauen jeden Alters. Wenn Sie: sich traurig, leer, mutlos, ersch\u00f6pft, depressiv, antrieblos, unsicher\u2026.f\u00fchlen unter Angst oder Panikattacken leiden Stimmungsschwankungen haben unter Stress oder Burnout leiden oder vorbeugen m\u00f6chten auf der Suche nach sich selbst sind (Selbsterfahrung, Selbstfindung) Ihren Selbstwert verbessern m\u00f6chten einen Konflikt haben, [&hellip;]<\/p>\n","protected":false},"author":1,"featured_media":0,"parent":33,"menu_order":1,"comment_status":"closed","ping_status":"closed","template":"","meta":[],"_links":{"self":[{"href":"http:\/\/www.free2move.at\/index.php?rest_route=\/wp\/v2\/pages\/37"}],"collection":[{"href":"http:\/\/www.free2move.at\/index.php?rest_route=\/wp\/v2\/pages"}],"about":[{"href":"http:\/\/www.free2move.at\/index.php?rest_route=\/wp\/v2\/types\/page"}],"author":[{"embeddable":true,"href":"http:\/\/www.free2move.at\/index.php?rest_route=\/wp\/v2\/users\/1"}],"replies":[{"embeddable":true,"href":"http:\/\/www.free2move.at\/index.php?rest_route=%2Fwp%2Fv2%2Fcomments&post=37"}],"version-history":[{"count":4,"href":"http:\/\/www.free2move.at\/index.php?rest_route=\/wp\/v2\/pages\/37\/revisions"}],"predecessor-version":[{"id":518,"href":"http:\/\/www.free2move.at\/index.php?rest_route=\/wp\/v2\/pages\/37\/revisions\/518"}],"up":[{"embeddable":true,"href":"http:\/\/www.free2move.at\/index.php?rest_route=\/wp\/v2\/pages\/33"}],"wp:attachment":[{"href":"http:\/\/www.free2move.at\/index.php?rest_route=%2Fwp%2Fv2%2Fmedia&parent=37"}],"curies":[{"name":"wp","href":"https:\/\/api.w.org\/{rel}","templated":true}]}}