{"id":41,"date":"2013-04-07T14:56:14","date_gmt":"2013-04-07T12:56:14","guid":{"rendered":"http:\/\/www.free2move.at\/?page_id=41"},"modified":"2020-07-09T13:53:30","modified_gmt":"2020-07-09T11:53:30","slug":"mein-angebot","status":"publish","type":"page","link":"http:\/\/www.free2move.at\/?page_id=41","title":{"rendered":"Mein Angebot"},"content":{"rendered":"<h1>\u00a0Mein Angebot Tanztherapie:<\/h1>\n<h2>\u00a0 Tanztherapie f\u00fcr Einzelpersonen<\/h2>\n<p>Wenn Sie Interesse an Tanztherapie haben oder Ihre Probleme, Sorgen, \u00c4ngste oder Orientierungsw\u00fcnsche auf k\u00f6rperlicher Ebene ansehen wollen, dann rufen sie mich unter 0680 443 8383 an oder schreiben Sie mir ein mail welcome@free2move.at und vereinbaren Sie ein Erstgespr\u00e4ch bei mir.<\/p>\n<p>Einzeltherapie ist nach Vereinbarung auch in Wien m\u00f6glich. (1120 Wien, Wilhelmstra\u00dfe 44) &#8211; vorzugsweise mittwochs<\/p>\n<p>Folder Tanztherapie: <a href=\"http:\/\/www.free2move.at\/wp-content\/uploads\/2013\/04\/Koller_Folder-Gesundheit_2017_RZ.pdf\">Koller_Folder Gesundheit_2017_RZ<\/a><\/p>\n<h2><\/h2>\n<p>&nbsp;<\/p>\n<p>&nbsp;<\/p>\n<p>&nbsp;<\/p>\n","protected":false},"excerpt":{"rendered":"<p>\u00a0Mein Angebot Tanztherapie: \u00a0 Tanztherapie f\u00fcr Einzelpersonen Wenn Sie Interesse an Tanztherapie haben oder Ihre Probleme, Sorgen, \u00c4ngste oder Orientierungsw\u00fcnsche auf k\u00f6rperlicher Ebene ansehen wollen, dann rufen sie mich unter 0680 443 8383 an oder schreiben Sie mir ein mail welcome@free2move.at und vereinbaren Sie ein Erstgespr\u00e4ch bei mir. Einzeltherapie ist nach Vereinbarung auch in Wien [&hellip;]<\/p>\n","protected":false},"author":1,"featured_media":0,"parent":33,"menu_order":3,"comment_status":"closed","ping_status":"closed","template":"","meta":[],"_links":{"self":[{"href":"http:\/\/www.free2move.at\/index.php?rest_route=\/wp\/v2\/pages\/41"}],"collection":[{"href":"http:\/\/www.free2move.at\/index.php?rest_route=\/wp\/v2\/pages"}],"about":[{"href":"http:\/\/www.free2move.at\/index.php?rest_route=\/wp\/v2\/types\/page"}],"author":[{"embeddable":true,"href":"http:\/\/www.free2move.at\/index.php?rest_route=\/wp\/v2\/users\/1"}],"replies":[{"embeddable":true,"href":"http:\/\/www.free2move.at\/index.php?rest_route=%2Fwp%2Fv2%2Fcomments&post=41"}],"version-history":[{"count":235,"href":"http:\/\/www.free2move.at\/index.php?rest_route=\/wp\/v2\/pages\/41\/revisions"}],"predecessor-version":[{"id":1469,"href":"http:\/\/www.free2move.at\/index.php?rest_route=\/wp\/v2\/pages\/41\/revisions\/1469"}],"up":[{"embeddable":true,"href":"http:\/\/www.free2move.at\/index.php?rest_route=\/wp\/v2\/pages\/33"}],"wp:attachment":[{"href":"http:\/\/www.free2move.at\/index.php?rest_route=%2Fwp%2Fv2%2Fmedia&parent=41"}],"curies":[{"name":"wp","href":"https:\/\/api.w.org\/{rel}","templated":true}]}}