{"id":43,"date":"2013-04-07T14:57:08","date_gmt":"2013-04-07T12:57:08","guid":{"rendered":"http:\/\/www.free2move.at\/?page_id=43"},"modified":"2013-05-08T18:08:50","modified_gmt":"2013-05-08T16:08:50","slug":"lebensberatung","status":"publish","type":"page","link":"http:\/\/www.free2move.at\/?page_id=43","title":{"rendered":"Lebensberatung"},"content":{"rendered":"<p>Die Lebens-und Sozialberatung ist in \u00d6sterreich neben der medizinischen, psychotherapeutischen und klinisch-psychologischen bzw. gesundheitspsychologischen Versorgung als vierte S\u00e4ule verankert und seit 1990 <em>ein gebundenes und bewilligungspflichtiges Gewerbe<\/em>. F\u00fcr die Erlangung des Gewerbescheins ist eine gesetzlich vorgeschriebene Ausbildung notwendig.<\/p>\n<p>Die WKO beschreibt die psychosoziale Beratung folgender Ma\u00dfen:<\/p>\n<p><i>\u201eLang anhaltende psychische Probleme, wie etwa nicht bearbeitete \u00c4ngste, Konflikte oder Niedergeschlagenheit, k\u00f6nnen nahtlos in echte psychische Erkrankungen m\u00fcnden und\/oder k\u00f6rperliche Beschwerden f\u00f6rdern oder verursachen, beziehungsweise deren Genesung verz\u00f6gern. Der Lebensberatung kommt deshalb besondere Bedeutung f\u00fcr die Gesundheit zu, weil sie durch<br \/>\n<\/i><i>(Wieder-)\u00a0Herstellung umfassender Lebenszufriedenheit das psychische Wohlbefinden verbessert.\u00a0So tr\u00e4gt sie entscheidend zur Genesung und der Aufrechterhaltung der Gesundheit bei. Im Sinne der WHO-Gesundheitsdefinition ist Lebens- und Sozialberatung eine pr\u00e4ventive T\u00e4tigkeit, die mittels gezielter und strukturierter Gespr\u00e4chsf\u00fchrung unter Nutzung unterst\u00fctzender Methoden auf der Grundlage kommunikationswissenschaftlicher, kurztherapeutischer und psychologischer Erkenntnisse das geistige, seelische, k\u00f6rperliche und soziale Wohlbefinden der Klientinnen und Klienten f\u00f6rdert.\u201c<\/i><\/p>\n<p>&nbsp;<\/p>\n","protected":false},"excerpt":{"rendered":"<p>Die Lebens-und Sozialberatung ist in \u00d6sterreich neben der medizinischen, psychotherapeutischen und klinisch-psychologischen bzw. gesundheitspsychologischen Versorgung als vierte S\u00e4ule verankert und seit 1990 ein gebundenes und bewilligungspflichtiges Gewerbe. F\u00fcr die Erlangung des Gewerbescheins ist eine gesetzlich vorgeschriebene Ausbildung notwendig. Die WKO beschreibt die psychosoziale Beratung folgender Ma\u00dfen: \u201eLang anhaltende psychische Probleme, wie etwa nicht bearbeitete \u00c4ngste, [&hellip;]<\/p>\n","protected":false},"author":1,"featured_media":0,"parent":0,"menu_order":3,"comment_status":"closed","ping_status":"closed","template":"","meta":[],"_links":{"self":[{"href":"http:\/\/www.free2move.at\/index.php?rest_route=\/wp\/v2\/pages\/43"}],"collection":[{"href":"http:\/\/www.free2move.at\/index.php?rest_route=\/wp\/v2\/pages"}],"about":[{"href":"http:\/\/www.free2move.at\/index.php?rest_route=\/wp\/v2\/types\/page"}],"author":[{"embeddable":true,"href":"http:\/\/www.free2move.at\/index.php?rest_route=\/wp\/v2\/users\/1"}],"replies":[{"embeddable":true,"href":"http:\/\/www.free2move.at\/index.php?rest_route=%2Fwp%2Fv2%2Fcomments&post=43"}],"version-history":[{"count":14,"href":"http:\/\/www.free2move.at\/index.php?rest_route=\/wp\/v2\/pages\/43\/revisions"}],"predecessor-version":[{"id":556,"href":"http:\/\/www.free2move.at\/index.php?rest_route=\/wp\/v2\/pages\/43\/revisions\/556"}],"wp:attachment":[{"href":"http:\/\/www.free2move.at\/index.php?rest_route=%2Fwp%2Fv2%2Fmedia&parent=43"}],"curies":[{"name":"wp","href":"https:\/\/api.w.org\/{rel}","templated":true}]}}