{"id":45,"date":"2013-04-07T14:57:17","date_gmt":"2013-04-07T12:57:17","guid":{"rendered":"http:\/\/www.free2move.at\/?page_id=45"},"modified":"2013-05-08T16:07:19","modified_gmt":"2013-05-08T14:07:19","slug":"warum","status":"publish","type":"page","link":"http:\/\/www.free2move.at\/?page_id=45","title":{"rendered":"Warum"},"content":{"rendered":"<h1>Warum?<\/h1>\n<p class=\"MsoNormal\">Lebensberatung ist die professionelle Beratung und Begleitung von Menschen, die sich in<br \/>\n<span style=\"color: #339966;\"><strong>Problem- und Entscheidungssituationen<\/strong> <\/span>befinden. Sie tr\u00e4gt dazu bei belastende oder schwer zu bew\u00e4ltigende Situationen zu erleichtern, zu ver\u00e4ndern und einer L\u00f6sung zuzuf\u00fchren.<\/p>\n<p class=\"MsoNormal\">In dieser Funktion kann ich Ihnen <strong>Unterst\u00fctzung<\/strong> anbieten, wenn Sie<span style=\"font-size: 12.0pt; font-family: 'Times New Roman','serif'; mso-fareast-font-family: 'Times New Roman'; mso-fareast-language: DE-AT;\"><br \/>\n<\/span><\/p>\n<ul type=\"disc\">\n<li>unter Belastungen leiden oder in einer Krisensituationen sind<\/li>\n<li>sich beruflich oder privat nicht entscheiden k\u00f6nnen<\/li>\n<li>f\u00fcr ihr Leben eine neue Richtung oder einen neue Wege suchen<\/li>\n<li>sich pers\u00f6nlich weiterentwickeln wollen<\/li>\n<li class=\"MsoNormal\" style=\"mso-list: l0 level1 lfo1; tab-stops: list 36.0pt;\">unter einer Trennung leiden<\/li>\n<\/ul>\n<p>Als Lebensberaterin unterliege ich der Schweigepflicht.<br \/>\nIm ersten Gespr\u00e4ch wird die Ausgangssituation besprochen, ein ungef\u00e4hrer Zeitrahmen erstellt und das Honorar vereinbart.<\/p>\n<p>&nbsp;<\/p>\n","protected":false},"excerpt":{"rendered":"<p>Warum? Lebensberatung ist die professionelle Beratung und Begleitung von Menschen, die sich in Problem- und Entscheidungssituationen befinden. Sie tr\u00e4gt dazu bei belastende oder schwer zu bew\u00e4ltigende Situationen zu erleichtern, zu ver\u00e4ndern und einer L\u00f6sung zuzuf\u00fchren. In dieser Funktion kann ich Ihnen Unterst\u00fctzung anbieten, wenn Sie unter Belastungen leiden oder in einer Krisensituationen sind sich beruflich [&hellip;]<\/p>\n","protected":false},"author":1,"featured_media":0,"parent":43,"menu_order":0,"comment_status":"closed","ping_status":"closed","template":"","meta":[],"_links":{"self":[{"href":"http:\/\/www.free2move.at\/index.php?rest_route=\/wp\/v2\/pages\/45"}],"collection":[{"href":"http:\/\/www.free2move.at\/index.php?rest_route=\/wp\/v2\/pages"}],"about":[{"href":"http:\/\/www.free2move.at\/index.php?rest_route=\/wp\/v2\/types\/page"}],"author":[{"embeddable":true,"href":"http:\/\/www.free2move.at\/index.php?rest_route=\/wp\/v2\/users\/1"}],"replies":[{"embeddable":true,"href":"http:\/\/www.free2move.at\/index.php?rest_route=%2Fwp%2Fv2%2Fcomments&post=45"}],"version-history":[{"count":6,"href":"http:\/\/www.free2move.at\/index.php?rest_route=\/wp\/v2\/pages\/45\/revisions"}],"predecessor-version":[{"id":534,"href":"http:\/\/www.free2move.at\/index.php?rest_route=\/wp\/v2\/pages\/45\/revisions\/534"}],"up":[{"embeddable":true,"href":"http:\/\/www.free2move.at\/index.php?rest_route=\/wp\/v2\/pages\/43"}],"wp:attachment":[{"href":"http:\/\/www.free2move.at\/index.php?rest_route=%2Fwp%2Fv2%2Fmedia&parent=45"}],"curies":[{"name":"wp","href":"https:\/\/api.w.org\/{rel}","templated":true}]}}