{"id":51,"date":"2013-04-07T14:57:52","date_gmt":"2013-04-07T12:57:52","guid":{"rendered":"http:\/\/www.free2move.at\/?page_id=51"},"modified":"2018-03-19T09:07:55","modified_gmt":"2018-03-19T08:07:55","slug":"mein-angebot","status":"publish","type":"page","link":"http:\/\/www.free2move.at\/?page_id=51","title":{"rendered":"Mein Angebot"},"content":{"rendered":"<h1>Mein Angebot<\/h1>\n<p>Richtet sich vorwiegend an Einzelpersonen. Zu Beginn der psychologischen Beratung wird im ersten Gespr\u00e4ch ein Ziel vereinbart. Die Dauer der Beratung richtet sich je nach Problemstellung. Ein ungef\u00e4hrer Zeirahmen wird zu Beginn erstellt.<\/p>\n<p>Mein Angebot richtet sich an Menschen in schwierigen <span style=\"color: #339966;\"><strong>emotionalen oder sozialen Krisensituationen<\/strong><\/span>, die Unterst\u00fctzung ben\u00f6tigen. Gemeinsam suchen wir nach L\u00f6sungsm\u00f6glichkeiten, um belastende oder schwer zu bew\u00e4ltigende Situationen erleichtern und ver\u00e4ndern zu k\u00f6nnen.<\/p>\n<p>Wenn Sie in Ihrem Leben einen <strong><span style=\"color: #339966;\">neuen Weg<\/span> <\/strong>oder eine neue Richtung suchen &#8211; beruflich oder privat -, Sie sich <strong><span style=\"color: #339966;\">nicht entscheiden<\/span> <span style=\"color: #339966;\">k\u00f6nnen<\/span><\/strong> oder Sie sich <strong><span style=\"color: #339966;\">pers\u00f6nlich weiterentwickeln<\/span> <\/strong>wollen, k\u00f6nnen wir auf die Suche Ihrer Ressourcen gehen und gemeinsam eine L\u00f6sung finden. Wichtig in meiner Arbeit ist das Einbeziehen des K\u00f6rpers mit seinen Empfindungen.<\/p>\n<p>Meine Praxis bietet einen gesch\u00fctzten Rahmen, der Ihnen in der Zeit, die Sie ben\u00f6tigen, gen\u00fcgend Raum f\u00fcr Ihre individuellen Anliegen bietet.<\/p>\n<p>Regelung f\u00fcr Terminabsagen:<br \/>\nSie k\u00f6nnen Termine bis sp\u00e4testens 24 Stunden zuvor telefonisch oder schriftlich\u00a0(per e-Mail oder sms) absagen, sodass kein Honorar anf\u00e4llt.<\/p>\n<p>Sollten Sie sich eine Problematik auch auf der k\u00f6rperlichen Ebene oder in einer tieferen Dimension ansehen wollen, ist eine Therapie in Form der Tanztherapie, im Anschlu\u00df m\u00f6glich.<\/p>\n","protected":false},"excerpt":{"rendered":"<p>Mein Angebot Richtet sich vorwiegend an Einzelpersonen. Zu Beginn der psychologischen Beratung wird im ersten Gespr\u00e4ch ein Ziel vereinbart. Die Dauer der Beratung richtet sich je nach Problemstellung. Ein ungef\u00e4hrer Zeirahmen wird zu Beginn erstellt. Mein Angebot richtet sich an Menschen in schwierigen emotionalen oder sozialen Krisensituationen, die Unterst\u00fctzung ben\u00f6tigen. Gemeinsam suchen wir nach L\u00f6sungsm\u00f6glichkeiten, [&hellip;]<\/p>\n","protected":false},"author":1,"featured_media":0,"parent":43,"menu_order":3,"comment_status":"closed","ping_status":"closed","template":"","meta":[],"_links":{"self":[{"href":"http:\/\/www.free2move.at\/index.php?rest_route=\/wp\/v2\/pages\/51"}],"collection":[{"href":"http:\/\/www.free2move.at\/index.php?rest_route=\/wp\/v2\/pages"}],"about":[{"href":"http:\/\/www.free2move.at\/index.php?rest_route=\/wp\/v2\/types\/page"}],"author":[{"embeddable":true,"href":"http:\/\/www.free2move.at\/index.php?rest_route=\/wp\/v2\/users\/1"}],"replies":[{"embeddable":true,"href":"http:\/\/www.free2move.at\/index.php?rest_route=%2Fwp%2Fv2%2Fcomments&post=51"}],"version-history":[{"count":14,"href":"http:\/\/www.free2move.at\/index.php?rest_route=\/wp\/v2\/pages\/51\/revisions"}],"predecessor-version":[{"id":1435,"href":"http:\/\/www.free2move.at\/index.php?rest_route=\/wp\/v2\/pages\/51\/revisions\/1435"}],"up":[{"embeddable":true,"href":"http:\/\/www.free2move.at\/index.php?rest_route=\/wp\/v2\/pages\/43"}],"wp:attachment":[{"href":"http:\/\/www.free2move.at\/index.php?rest_route=%2Fwp%2Fv2%2Fmedia&parent=51"}],"curies":[{"name":"wp","href":"https:\/\/api.w.org\/{rel}","templated":true}]}}