{"id":56,"date":"2013-04-07T14:58:43","date_gmt":"2013-04-07T12:58:43","guid":{"rendered":"http:\/\/www.free2move.at\/?page_id=56"},"modified":"2013-05-20T19:11:17","modified_gmt":"2013-05-20T17:11:17","slug":"praxis-kontakt","status":"publish","type":"page","link":"http:\/\/www.free2move.at\/?page_id=56","title":{"rendered":"Praxis &#038; Kontakt"},"content":{"rendered":"<h1>Kontakt<\/h1>\n<p>Sie haben Fragen oder interessieren sich f\u00fcr mein Angebot ?<\/p>\n<p>Email an:\u00a0<a href=\"mailto:welcome@free2move.at\">welcome@free2move.at<\/a>\u00a0oder telephonisch unter:<strong>\u00a00680 443 83 83<\/strong><\/p>\n<h1>Praxis<\/h1>\n<p>Meine Praxis ist eine\u00a0<span style=\"color: #339966;\"><strong>Energietankstelle<\/strong><\/span>\u00a0 und eine <span style=\"color: #339966;\"><strong>Oase zum\u00a0Wohlf\u00fchlen.<\/strong><\/span><\/p>\n<p>Da sie mitten in der Natur liegt, k\u00f6nnen Sie hier zur Ruhe kommen, regenerieren, dem Alltag entfliehen und wieder Kraft tanken. Der gro\u00dfe, helle,\u00a0<span style=\"color: #339966;\"><strong>Licht\u00a0<\/strong><\/span>durchflutete Raum l\u00e4dt zur Bewegung ein. Begegnungen k\u00f6nnen Inspirationen, neue Impulse, Freude und Leichtigkeit erlebbar machen. In Rauch- und Schuhfreier Atmosph\u00e4re kommen Sie in den Fluss und k\u00f6nnen Ihre Kreativit\u00e4t ausleben.<\/p>\n<p>Wenn Sie lieber alleine zu einer\u00a0<span style=\"color: #ff0000;\"><strong>Beratung\u00a0oder\u00a0Therapie\u00a0<\/strong><\/span>zu mir kommen m\u00f6chten, schaffe ich einen sicheren Ort, an dem Sie sich wohlf\u00fchlen werden.<\/p>\n<h3>Adresse:<\/h3>\n<p>Sankt P\u00f6ltnerstrasse 109,\u00a03040 Tausendblum in Neulengbach<\/p>\n<p><a href=\"http:\/\/www.free2move.at\/wp-content\/uploads\/2013\/04\/11201.jpg\"><img decoding=\"async\" loading=\"lazy\" alt=\"praxis\" src=\"http:\/\/www.free2move.at\/wp-content\/uploads\/2013\/04\/11201-1024x637.jpg\" width=\"640\" height=\"398\" \/><\/a><\/p>\n","protected":false},"excerpt":{"rendered":"<p>Kontakt Sie haben Fragen oder interessieren sich f\u00fcr mein Angebot ? Email an:\u00a0welcome@free2move.at\u00a0oder telephonisch unter:\u00a00680 443 83 83 Praxis Meine Praxis ist eine\u00a0Energietankstelle\u00a0 und eine Oase zum\u00a0Wohlf\u00fchlen. Da sie mitten in der Natur liegt, k\u00f6nnen Sie hier zur Ruhe kommen, regenerieren, dem Alltag entfliehen und wieder Kraft tanken. Der gro\u00dfe, helle,\u00a0Licht\u00a0durchflutete Raum l\u00e4dt zur Bewegung [&hellip;]<\/p>\n","protected":false},"author":1,"featured_media":0,"parent":0,"menu_order":5,"comment_status":"closed","ping_status":"closed","template":"","meta":[],"_links":{"self":[{"href":"http:\/\/www.free2move.at\/index.php?rest_route=\/wp\/v2\/pages\/56"}],"collection":[{"href":"http:\/\/www.free2move.at\/index.php?rest_route=\/wp\/v2\/pages"}],"about":[{"href":"http:\/\/www.free2move.at\/index.php?rest_route=\/wp\/v2\/types\/page"}],"author":[{"embeddable":true,"href":"http:\/\/www.free2move.at\/index.php?rest_route=\/wp\/v2\/users\/1"}],"replies":[{"embeddable":true,"href":"http:\/\/www.free2move.at\/index.php?rest_route=%2Fwp%2Fv2%2Fcomments&post=56"}],"version-history":[{"count":7,"href":"http:\/\/www.free2move.at\/index.php?rest_route=\/wp\/v2\/pages\/56\/revisions"}],"predecessor-version":[{"id":568,"href":"http:\/\/www.free2move.at\/index.php?rest_route=\/wp\/v2\/pages\/56\/revisions\/568"}],"wp:attachment":[{"href":"http:\/\/www.free2move.at\/index.php?rest_route=%2Fwp%2Fv2%2Fmedia&parent=56"}],"curies":[{"name":"wp","href":"https:\/\/api.w.org\/{rel}","templated":true}]}}