{"id":57,"date":"2013-04-07T14:59:16","date_gmt":"2013-04-07T12:59:16","guid":{"rendered":"http:\/\/www.free2move.at\/?page_id=57"},"modified":"2021-01-20T13:18:56","modified_gmt":"2021-01-20T12:18:56","slug":"meine-praxis","status":"publish","type":"page","link":"http:\/\/www.free2move.at\/?page_id=57","title":{"rendered":"Meine Praxis"},"content":{"rendered":"<h1>Praxis<\/h1>\n<p>Meine Praxis ist eine <span style=\"color: #339966;\"><strong>Energietankstelle\u00a0 <\/strong><\/span>und\u00a0 <span style=\"color: #339966;\"><strong>Oase zum Wohlf\u00fchlen.<br \/>\n<\/strong><\/span>Da sie mitten in der Natur liegt, k\u00f6nnen Sie hier zur Ruhe kommen, regenerieren, dem Alltag entfliehen und wieder Kraft tanken. Der gro\u00dfe, helle, <span style=\"color: #339966;\"><strong>Licht<\/strong><\/span> durchflutete Raum l\u00e4dt zur Bewegung ein. Begegnungen k\u00f6nnen Inspirationen, neue Impulse, Freude und Leichtigkeit erlebbar machen. In Rauch- und Schuhfreier Atmosph\u00e4re kommen Sie in den Fluss und k\u00f6nnen Ihre Kreativit\u00e4t ausleben.<\/p>\n<p>Wenn Sie lieber alleine zu einer <span style=\"color: #ff0000;\"><strong>Beratung oder Therapie<\/strong><\/span> zu mir kommen m\u00f6chten, schaffe ich einen sicheren Ort, an dem Sie sich wohlf\u00fchlen werden.<\/p>\n<h3>Adresse:<\/h3>\n<p>Praxis: Sankt P\u00f6ltnerstrasse 69,\u00a03040 Tausenblum in Neulengbach<br \/>\nPraxis Wien: 1120 Wien, Wilhelmstra\u00dfe 44\/1\/EG<\/p>\n<p>Video auf YouTube:<br \/>\nhttp:\/\/www.youtube.com\/watch?v=mpHjikMcPiM&#038;feature=youtu.be<\/p>\n<p style=\"text-align: center;\">\n","protected":false},"excerpt":{"rendered":"<p>Praxis Meine Praxis ist eine Energietankstelle\u00a0 und\u00a0 Oase zum Wohlf\u00fchlen. Da sie mitten in der Natur liegt, k\u00f6nnen Sie hier zur Ruhe kommen, regenerieren, dem Alltag entfliehen und wieder Kraft tanken. Der gro\u00dfe, helle, Licht durchflutete Raum l\u00e4dt zur Bewegung ein. Begegnungen k\u00f6nnen Inspirationen, neue Impulse, Freude und Leichtigkeit erlebbar machen. In Rauch- und Schuhfreier [&hellip;]<\/p>\n","protected":false},"author":1,"featured_media":0,"parent":56,"menu_order":0,"comment_status":"closed","ping_status":"closed","template":"","meta":[],"_links":{"self":[{"href":"http:\/\/www.free2move.at\/index.php?rest_route=\/wp\/v2\/pages\/57"}],"collection":[{"href":"http:\/\/www.free2move.at\/index.php?rest_route=\/wp\/v2\/pages"}],"about":[{"href":"http:\/\/www.free2move.at\/index.php?rest_route=\/wp\/v2\/types\/page"}],"author":[{"embeddable":true,"href":"http:\/\/www.free2move.at\/index.php?rest_route=\/wp\/v2\/users\/1"}],"replies":[{"embeddable":true,"href":"http:\/\/www.free2move.at\/index.php?rest_route=%2Fwp%2Fv2%2Fcomments&post=57"}],"version-history":[{"count":24,"href":"http:\/\/www.free2move.at\/index.php?rest_route=\/wp\/v2\/pages\/57\/revisions"}],"predecessor-version":[{"id":1484,"href":"http:\/\/www.free2move.at\/index.php?rest_route=\/wp\/v2\/pages\/57\/revisions\/1484"}],"up":[{"embeddable":true,"href":"http:\/\/www.free2move.at\/index.php?rest_route=\/wp\/v2\/pages\/56"}],"wp:attachment":[{"href":"http:\/\/www.free2move.at\/index.php?rest_route=%2Fwp%2Fv2%2Fmedia&parent=57"}],"curies":[{"name":"wp","href":"https:\/\/api.w.org\/{rel}","templated":true}]}}