{"id":82,"date":"2013-04-07T16:44:14","date_gmt":"2013-04-07T14:44:14","guid":{"rendered":"http:\/\/www.free2move.at\/?page_id=82"},"modified":"2013-05-20T19:24:34","modified_gmt":"2013-05-20T17:24:34","slug":"anfahrt","status":"publish","type":"page","link":"http:\/\/www.free2move.at\/?page_id=82","title":{"rendered":"Anfahrt"},"content":{"rendered":"<h3>Adresse:<\/h3>\n<p>Sankt P\u00f6ltnerstrasse 109 (Stra\u00df)<br \/>\n3040 Tausendblum in Neulengbach<\/p>\n<h3>Mit dem Zug:<\/h3>\n<p>ca 30 Minuten von <strong>Wien Westbahnhof<\/strong> bzw. 15 Minuten von<strong> St. P\u00f6lten<\/strong>\u00a0bis <strong>Neulengbach Bahnhof. <\/strong>Anschlie\u00dfend 15 Minuten Fu\u00dfweg.<\/p>\n<h3>Mit dem Auto:<\/h3>\n<p>Von Wien kommend nehmen sie auf der A1 die Ausfahrt Altlengbach, Richtung Neulengbach. Im Kreisverkehr die 1. Ausfahrt Richtung Neulengbach. Anschlie\u00dfend den Stra\u00dfenverlauf bis Tausendblum (Neulengbach) folgen. Unmittelbar nach dem Billa auf der rechten Seite, im Kreisverkehr die 3. Ausfahrt Richtung B\u00f6heimkirchen der St. P\u00f6ltnerstra\u00dfe folgen. Die Praxis befindet sich unmittelbar vor der Ortsausfahrt auf der linken Seiten, das blaue 3. letzte Haus.<\/p>\n<p>St. P\u00f6lten kommend nehmen sie auf der\u00a0A1 die Ausfahrt St. Christophen. Beim Kreisverkehr die 2. Ausfahrt Richtung Neulengbach nehmen. Anschlie\u00dfend den Stra\u00dfenverlauf bis Tausendblum (Neulengbach) folgen. Unmittelbar nach dem Billa im Kreisverkehr die 3. Ausfahrt Richtung B\u00f6heimkirchen der St. P\u00f6ltnerstra\u00dfe folgen. Die Praxis befindet sich unmittelbar vor der Ortsausfahrt auf der linken Seiten, das blaue 3. letzte Haus.<\/p>\n<p>&nbsp;<\/p>\n<div align=\"left\"><iframe loading=\"lazy\" src=\"https:\/\/maps.google.at\/maps?q=St.+P%C3%B6ltnerstr.+109+Stra%C3%9F&amp;hl=de&amp;ie=UTF8&amp;sll=47.696472,13.345735&amp;sspn=6.500151,16.907959&amp;t=h&amp;hnear=Sankt+P%C3%B6ltner+Stra%C3%9Fe+109,+3040+Stra%C3%9F,+Sankt+P%C3%B6lten-Land,+Nieder%C3%B6sterreich&amp;hq=&amp;z=14&amp;ll=48.195002,15.886468&amp;output=embed\" height=\"350\" width=\"900\" frameborder=\"0\" marginwidth=\"0\" marginheight=\"0\" scrolling=\"no\"><\/iframe><br \/>\n<small><a href=\"https:\/\/maps.google.at\/maps?q=St.+P%C3%B6ltnerstr.+109+Stra%C3%9F&amp;hl=de&amp;ie=UTF8&amp;sll=47.696472,13.345735&amp;sspn=6.500151,16.907959&amp;t=h&amp;hnear=Sankt+P%C3%B6ltner+Stra%C3%9Fe+109,+3040+Stra%C3%9F,+Sankt+P%C3%B6lten-Land,+Nieder%C3%B6sterreich&amp;hq=&amp;z=14&amp;ll=48.195002,15.886468&amp;source=embed\">Gr\u00f6\u00dfere Kartenansicht<\/a><\/small><\/div>\n","protected":false},"excerpt":{"rendered":"<p>Adresse: Sankt P\u00f6ltnerstrasse 109 (Stra\u00df) 3040 Tausendblum in Neulengbach Mit dem Zug: ca 30 Minuten von Wien Westbahnhof bzw. 15 Minuten von St. P\u00f6lten\u00a0bis Neulengbach Bahnhof. Anschlie\u00dfend 15 Minuten Fu\u00dfweg. Mit dem Auto: Von Wien kommend nehmen sie auf der A1 die Ausfahrt Altlengbach, Richtung Neulengbach. Im Kreisverkehr die 1. Ausfahrt Richtung Neulengbach. Anschlie\u00dfend den [&hellip;]<\/p>\n","protected":false},"author":1,"featured_media":0,"parent":56,"menu_order":3,"comment_status":"closed","ping_status":"closed","template":"","meta":[],"_links":{"self":[{"href":"http:\/\/www.free2move.at\/index.php?rest_route=\/wp\/v2\/pages\/82"}],"collection":[{"href":"http:\/\/www.free2move.at\/index.php?rest_route=\/wp\/v2\/pages"}],"about":[{"href":"http:\/\/www.free2move.at\/index.php?rest_route=\/wp\/v2\/types\/page"}],"author":[{"embeddable":true,"href":"http:\/\/www.free2move.at\/index.php?rest_route=\/wp\/v2\/users\/1"}],"replies":[{"embeddable":true,"href":"http:\/\/www.free2move.at\/index.php?rest_route=%2Fwp%2Fv2%2Fcomments&post=82"}],"version-history":[{"count":12,"href":"http:\/\/www.free2move.at\/index.php?rest_route=\/wp\/v2\/pages\/82\/revisions"}],"predecessor-version":[{"id":89,"href":"http:\/\/www.free2move.at\/index.php?rest_route=\/wp\/v2\/pages\/82\/revisions\/89"}],"up":[{"embeddable":true,"href":"http:\/\/www.free2move.at\/index.php?rest_route=\/wp\/v2\/pages\/56"}],"wp:attachment":[{"href":"http:\/\/www.free2move.at\/index.php?rest_route=%2Fwp%2Fv2%2Fmedia&parent=82"}],"curies":[{"name":"wp","href":"https:\/\/api.w.org\/{rel}","templated":true}]}}